{"id":19,"date":"2020-04-02T09:58:52","date_gmt":"2020-04-02T07:58:52","guid":{"rendered":"https:\/\/beezeelinx.com\/fr\/?page_id=19"},"modified":"2022-11-10T12:53:11","modified_gmt":"2022-11-10T11:53:11","slug":"legal-notice","status":"publish","type":"page","link":"https:\/\/beezeelinx.com\/fr\/legal-notice\/","title":{"rendered":"Information L\u00e9gale"},"content":{"rendered":"<section class=\"l-section wpb_row height_medium\"><div class=\"l-section-h i-cf\"><div class=\"g-cols vc_row type_default valign_top\"><div class=\"vc_col-sm-12 wpb_column vc_column_container\"><div class=\"vc_column-inner\"><div class=\"wpb_wrapper\"><div class=\"wpb_text_column\" ><div class=\"wpb_wrapper\"><p>En utilisant ce site Web <a href=\"https:\/\/beezeelinx.com\/fr\/\">beezeelinx.com<\/a>, vous acceptez implicitement les conditions d&rsquo;utilisation suivantes.<\/p>\n<h2>Information l\u00e9gale<\/h2>\n<p>Comme d\u00e9crit \u00e0 l&rsquo;article 6 de la loi fran\u00e7aise n\u00b02004-575 du 21 juin 2004 pour la confiance dans l&rsquo;\u00e9conomie num\u00e9rique (LCEN), l&rsquo;identit\u00e9 de l&rsquo;\u00e9diteur et du propri\u00e9taire de ce site web sont list\u00e9es ci-dessous\u00a0:<\/p>\n<ul>\n<li><strong>Propri\u00e9taire :<\/strong> BeeZeeLinx SAS<br \/>\n26 rue Alfred Kastler &#8211; B\u00e2timent ETHIK 1 &#8211; 56000 VANNES &#8211; FRANCE<br \/>\nContact : contact(at)beezeelinx.com<\/li>\n<li><strong>Responsable de la publication :<\/strong> Emmanuel Touron<\/li>\n<li><strong>Cr\u00e9ateur :<\/strong> <a href=\"https:\/\/www.agence-gap.fr\/\">Agence GAP<\/a><br \/>\nAtlanparc \u2013 B\u00e2t K 1 rue Marie Curie<br \/>\nZone de Kerluherne<br \/>\n56890 PLESCOP<br \/>\nSAS au capital de 10000 euros<\/li>\n<li><strong>Webmaster :<\/strong> ludovic[at]agence-gap.fr<\/li>\n<li><strong>H\u00e9bergeur :<\/strong> OVH \u2013 59100 ROUBAIX<\/li>\n<\/ul>\n<h2>Limitation de notre responsabilit\u00e9 pour votre utilisation de ce site Web<\/h2>\n<p>L&rsquo;objectif de ce site Web est de fournir une description commerciale des logiciels de la soci\u00e9t\u00e9 BeeZeeLinx SAS. Nous ne faisons aucune repr\u00e9sentation ni garantie que ce site Web vous sera utile, qu&rsquo;il sera de qualit\u00e9 satisfaisante, qu&rsquo;il sera adapt\u00e9 \u00e0 un usage particulier, ou qu&rsquo;il sera disponible ou accessible, sans interruption ou sans erreur. Nous d\u00e9clinons toute obligation ou responsabilit\u00e9 envers vous d\u00e9coulant directement ou indirectement des informations que vous obtenez \u00e0 partir de ce site Web. En d&rsquo;autres termes, nous fournissons ce site Web \u00ab\u00a0tel quel\u00a0\u00bb.<\/p>\n<p>Nous examinons r\u00e9guli\u00e8rement les informations fournies sur ce site Web. Cependant, il peut contenir des inexactitudes techniques ou des erreurs typographiques. Malgr\u00e9 tous les efforts et le soin que nous avons consacr\u00e9s au d\u00e9veloppement et \u00e0 la mise \u00e0 jour p\u00e9riodique de ce site Web, il peut contenir des fautes ou des erreurs. Les contenus de ce site internet sont fournis \u00e0 titre indicatif et ne sont pas contractuels.<\/p>\n<p>Dans la mesure o\u00f9 la loi applicable dans votre pays le permet, toutes les conditions, garanties et conditions implicites sont exclues de cet accord. Si, dans une juridiction, une condition, un mandat ou un terme implicite ne peut \u00eatre exclu, alors ce sous-paragraphe sera r\u00e9put\u00e9 avoir \u00e9t\u00e9 r\u00e9duit, uniquement dans la mesure n\u00e9cessaire pour lib\u00e9rer cette condition, garantie ou terme sp\u00e9cifique.<\/p>\n<p>Ce site Web peut contenir des liens vers d&rsquo;autres sites Web sur lesquels nous n&rsquo;avons ni pouvoir ni contr\u00f4le. Vous reconnaissez et acceptez que nous ne serons en aucun cas responsables du contenu de ces sites Web li\u00e9s, ni de toute perte ou dommage r\u00e9sultant de votre utilisation de ceux-ci.<\/p>\n<p>Nous ne sommes pas responsables envers vous de toute perte ou d\u00e9pense indirecte ou cons\u00e9cutive.<\/p>\n<p>Ce paragraphe (et tout autre paragraphe qui exclut ou limite notre responsabilit\u00e9) s&rsquo;applique \u00e0 nos dirigeants, sous-traitants, agents et soci\u00e9t\u00e9s affili\u00e9es (qui peuvent appliquer cette clause en vertu de la loi de 1999 sur les contrats (droits des tiers)) ainsi qu&rsquo;\u00e0 nous-m\u00eames.<\/p>\n<h2>Droits d&rsquo;auteur<\/h2>\n<p>Nous affirmons nos droits en ce qui concerne la propri\u00e9t\u00e9 du contenu de ce site Web. Vous acceptez qu&rsquo;\u00e0 tout moment vous ne causerez ni ne permettrez quoi que ce soit qui puisse endommager ou mettre en danger notre titre de propri\u00e9t\u00e9 intellectuelle et que vous nous informerez de toute violation pr\u00e9sum\u00e9e de notre propri\u00e9t\u00e9 intellectuelle. Vous acceptez de ne pas, et de ne permettre \u00e0 aucune autre personne de\u00a0:<\/p>\n<ul>\n<li>modifier, copier ou causer des dommages ou des effets involontaires \u00e0 toute page de notre site Web ou \u00e0 tout logiciel utilis\u00e9 par celui-ci,<\/li>\n<li>collecter ou utiliser toute information obtenue \u00e0 partir de ou \u00e0 propos de notre site Web, sauf dans les cas pr\u00e9vus par le pr\u00e9sent accord,<\/li>\n<li>agr\u00e9ger, copier ou dupliquer de quelque mani\u00e8re que ce soit toute information disponible sur ce site Web, autre que celle autoris\u00e9e par le pr\u00e9sent accord,<\/li>\n<li>t\u00e9l\u00e9charger ou republier n&rsquo;importe lequel de nos contenus sur n&rsquo;importe quel site Internet, intranet ou extranet,<\/li>\n<li>utiliser tout logiciel sur notre site Web qui aide \u00e0 l&rsquo;exploration, \u00e0 l&rsquo;extraction ou \u00e0 la collecte de donn\u00e9es<\/li>\n<\/ul>\n<p>En cas d&rsquo;utilisation d&rsquo;une ressource, texte ou image de ce site web, dans tout document \u00e9lectronique ou papier, vous vous engagez \u00e0 ajouter une mention \u00ab\u00a0Copi\u00e9 de beezeelinx.com\u00a0\u00bb.<\/p>\n<h2>Votre vie priv\u00e9e<\/h2>\n<p>\u00c0 dessein, nous avons con\u00e7u ce site Web de mani\u00e8re \u00e0 recueillir le moins d&rsquo;informations possible \u00e0 votre sujet. Nous ne vous demandons aucune information personnelle lorsque vous visitez ce site Web. Nous n&rsquo;utilisons pas de logiciel qui utilise des cookies, ou toute autre technologie qui peut suivre vos actions sur d&rsquo;autres sites Web. Nous n&rsquo;utilisons, ne stockons, ne partageons ni ne divulguons \u00e0 des tiers les informations collect\u00e9es via le fonctionnement de ce site Web.<\/p>\n<p>Les demandes de pages et d&rsquo;autres contenus de notre site Web par votre navigateur Web sont enregistr\u00e9es sur le serveur de notre fournisseur d&rsquo;h\u00e9bergement Web. Des informations telles que votre emplacement g\u00e9ographique, votre adresse IP (Internet Protocol) et votre navigateur sont enregistr\u00e9es. Nous ne sommes pas en mesure de vous identifier personnellement \u00e0 l&rsquo;aide de ces informations.<\/p>\n<p>Nous pouvons utiliser ces informations de mani\u00e8re agr\u00e9g\u00e9e et anonyme pour \u00e9valuer la popularit\u00e9 des pages de notre site Web.<\/p>\n<p>Ce site Internet applique les conditions mentionn\u00e9es dans <a href=\"https:\/\/www.cnil.fr\/fr\/la-loi-informatique-et-libertes\">la loi modifi\u00e9e 78-17 du 6 janvier 1978<\/a> relative \u00e0 l&rsquo;informatique, aux donn\u00e9es, aux fichiers et \u00e0 la vie priv\u00e9e. Avec cette loi, nos internautes b\u00e9n\u00e9ficient des droits \u00e9num\u00e9r\u00e9s \u00e0 l&rsquo;art. 32, 38, 39 et 40 pour acc\u00e9der et modifier leurs propres donn\u00e9es. Pour ce faire, les internautes peuvent contacter le propri\u00e9taire de ce site Internet par courrier \u00e9lectronique. Les seules informations peuvent \u00eatre fournies par vous-m\u00eame \u00e0 l&rsquo;aide du formulaire de contact et de la newsletter. Nous nous engageons \u00e0 ne pas communiquer ces informations \u00e0 des tiers.<\/p>\n<h2>Cookies<\/h2>\n<p>Les \u00ab cookies \u00bb permettent l&rsquo;identification de l&rsquo;internaute, la personnalisation de sa navigation sur ce site Internet et un chargement plus rapide des pages. Vous confirmez avoir \u00e9t\u00e9 inform\u00e9 et autorisez le propri\u00e9taire de ce site web \u00e0 enregistrer des cookies sur votre ordinateur. \u00c0 l&rsquo;exception des demandes l\u00e9gales, le propri\u00e9taire de ce site Web s&rsquo;engage \u00e0 ne pas communiquer le contenu des cookies \u00e0 des tiers. L&rsquo;internaute peut s&rsquo;opposer \u00e0 l&rsquo;enregistrement d&rsquo;informations dans les cookies en configurant son navigateur Internet en cons\u00e9quence.<\/p>\n<\/div><\/div><\/div><\/div><\/div><\/div><\/div><\/section>\n","protected":false},"excerpt":{"rendered":"En utilisant ce site Web beezeelinx.com, vous acceptez implicitement les conditions d&rsquo;utilisation suivantes. Information l\u00e9gale Comme d\u00e9crit \u00e0 l&rsquo;article 6 de la loi fran\u00e7aise n\u00b02004-575 du 21 juin 2004 pour la confiance dans l&rsquo;\u00e9conomie num\u00e9rique (LCEN), l&rsquo;identit\u00e9 de l&rsquo;\u00e9diteur et du propri\u00e9taire de ce site web sont list\u00e9es ci-dessous\u00a0: Propri\u00e9taire : BeeZeeLinx SAS 26 rue...","protected":false},"author":5,"featured_media":0,"parent":0,"menu_order":10,"comment_status":"closed","ping_status":"closed","template":"","meta":{"footnotes":""},"yoast_head":"<!-- This site is optimized with the Yoast SEO plugin v21.3 - https:\/\/yoast.com\/wordpress\/plugins\/seo\/ -->\n<title>Information L\u00e9gale - BeeZeeLinx<\/title>\n<meta name=\"description\" content=\"BeeZeeLinx\u00a0est une soci\u00e9t\u00e9 de logiciels pour les territoires connect\u00e9s.\" \/>\n<meta name=\"robots\" content=\"index, follow, max-snippet:-1, max-image-preview:large, max-video-preview:-1\" \/>\n<link rel=\"canonical\" href=\"https:\/\/beezeelinx.com\/fr\/legal-notice\/\" \/>\n<meta property=\"og:locale\" content=\"fr_FR\" \/>\n<meta property=\"og:type\" content=\"article\" \/>\n<meta property=\"og:title\" content=\"Information L\u00e9gale - BeeZeeLinx\" \/>\n<meta property=\"og:description\" content=\"BeeZeeLinx\u00a0est une soci\u00e9t\u00e9 de logiciels pour les territoires connect\u00e9s.\" \/>\n<meta property=\"og:url\" content=\"https:\/\/beezeelinx.com\/fr\/legal-notice\/\" \/>\n<meta property=\"og:site_name\" content=\"BeeZeeLinx FR\" \/>\n<meta property=\"article:modified_time\" content=\"2022-11-10T11:53:11+00:00\" \/>\n<meta name=\"twitter:card\" content=\"summary_large_image\" \/>\n<meta name=\"twitter:label1\" content=\"Dur\u00e9e de lecture estim\u00e9e\" \/>\n\t<meta name=\"twitter:data1\" content=\"6 minutes\" \/>\n<script type=\"application\/ld+json\" class=\"yoast-schema-graph\">{\"@context\":\"https:\/\/schema.org\",\"@graph\":[{\"@type\":\"WebPage\",\"@id\":\"https:\/\/beezeelinx.com\/fr\/legal-notice\/\",\"url\":\"https:\/\/beezeelinx.com\/fr\/legal-notice\/\",\"name\":\"Information L\u00e9gale - BeeZeeLinx\",\"isPartOf\":{\"@id\":\"https:\/\/beezeelinx.com\/fr\/#website\"},\"datePublished\":\"2020-04-02T07:58:52+00:00\",\"dateModified\":\"2022-11-10T11:53:11+00:00\",\"description\":\"BeeZeeLinx\u00a0est une soci\u00e9t\u00e9 de logiciels pour les territoires connect\u00e9s.\",\"inLanguage\":\"fr-FR\",\"potentialAction\":[{\"@type\":\"ReadAction\",\"target\":[\"https:\/\/beezeelinx.com\/fr\/legal-notice\/\"]}]},{\"@type\":\"WebSite\",\"@id\":\"https:\/\/beezeelinx.com\/fr\/#website\",\"url\":\"https:\/\/beezeelinx.com\/fr\/\",\"name\":\"BeeZeeLinx\",\"description\":\"Citylinx\u2122, la Plateforme des territoires connect\u00e9s\",\"publisher\":{\"@id\":\"https:\/\/beezeelinx.com\/fr\/#organization\"},\"potentialAction\":[{\"@type\":\"SearchAction\",\"target\":{\"@type\":\"EntryPoint\",\"urlTemplate\":\"https:\/\/beezeelinx.com\/fr\/?s={search_term_string}\"},\"query-input\":\"required name=search_term_string\"}],\"inLanguage\":\"fr-FR\"},{\"@type\":\"Organization\",\"@id\":\"https:\/\/beezeelinx.com\/fr\/#organization\",\"name\":\"BeeZeeLinx\",\"url\":\"https:\/\/beezeelinx.com\/fr\/\",\"logo\":{\"@type\":\"ImageObject\",\"inLanguage\":\"fr-FR\",\"@id\":\"https:\/\/beezeelinx.com\/fr\/#\/schema\/logo\/image\/\",\"url\":\"https:\/\/beezeelinx.com\/fr\/wp-content\/uploads\/sites\/2\/2020\/09\/beezeelinx_logo.jpg\",\"contentUrl\":\"https:\/\/beezeelinx.com\/fr\/wp-content\/uploads\/sites\/2\/2020\/09\/beezeelinx_logo.jpg\",\"width\":1920,\"height\":602,\"caption\":\"BeeZeeLinx\"},\"image\":{\"@id\":\"https:\/\/beezeelinx.com\/fr\/#\/schema\/logo\/image\/\"},\"sameAs\":[\"https:\/\/www.linkedin.com\/company\/beezeelinx\/\"]}]}<\/script>\n<!-- \/ Yoast SEO plugin. -->","yoast_head_json":{"title":"Information L\u00e9gale - BeeZeeLinx","description":"BeeZeeLinx\u00a0est une soci\u00e9t\u00e9 de logiciels pour les territoires connect\u00e9s.","robots":{"index":"index","follow":"follow","max-snippet":"max-snippet:-1","max-image-preview":"max-image-preview:large","max-video-preview":"max-video-preview:-1"},"canonical":"https:\/\/beezeelinx.com\/fr\/legal-notice\/","og_locale":"fr_FR","og_type":"article","og_title":"Information L\u00e9gale - BeeZeeLinx","og_description":"BeeZeeLinx\u00a0est une soci\u00e9t\u00e9 de logiciels pour les territoires connect\u00e9s.","og_url":"https:\/\/beezeelinx.com\/fr\/legal-notice\/","og_site_name":"BeeZeeLinx FR","article_modified_time":"2022-11-10T11:53:11+00:00","twitter_card":"summary_large_image","twitter_misc":{"Dur\u00e9e de lecture estim\u00e9e":"6 minutes"},"schema":{"@context":"https:\/\/schema.org","@graph":[{"@type":"WebPage","@id":"https:\/\/beezeelinx.com\/fr\/legal-notice\/","url":"https:\/\/beezeelinx.com\/fr\/legal-notice\/","name":"Information L\u00e9gale - BeeZeeLinx","isPartOf":{"@id":"https:\/\/beezeelinx.com\/fr\/#website"},"datePublished":"2020-04-02T07:58:52+00:00","dateModified":"2022-11-10T11:53:11+00:00","description":"BeeZeeLinx\u00a0est une soci\u00e9t\u00e9 de logiciels pour les territoires connect\u00e9s.","inLanguage":"fr-FR","potentialAction":[{"@type":"ReadAction","target":["https:\/\/beezeelinx.com\/fr\/legal-notice\/"]}]},{"@type":"WebSite","@id":"https:\/\/beezeelinx.com\/fr\/#website","url":"https:\/\/beezeelinx.com\/fr\/","name":"BeeZeeLinx","description":"Citylinx\u2122, la Plateforme des territoires connect\u00e9s","publisher":{"@id":"https:\/\/beezeelinx.com\/fr\/#organization"},"potentialAction":[{"@type":"SearchAction","target":{"@type":"EntryPoint","urlTemplate":"https:\/\/beezeelinx.com\/fr\/?s={search_term_string}"},"query-input":"required name=search_term_string"}],"inLanguage":"fr-FR"},{"@type":"Organization","@id":"https:\/\/beezeelinx.com\/fr\/#organization","name":"BeeZeeLinx","url":"https:\/\/beezeelinx.com\/fr\/","logo":{"@type":"ImageObject","inLanguage":"fr-FR","@id":"https:\/\/beezeelinx.com\/fr\/#\/schema\/logo\/image\/","url":"https:\/\/beezeelinx.com\/fr\/wp-content\/uploads\/sites\/2\/2020\/09\/beezeelinx_logo.jpg","contentUrl":"https:\/\/beezeelinx.com\/fr\/wp-content\/uploads\/sites\/2\/2020\/09\/beezeelinx_logo.jpg","width":1920,"height":602,"caption":"BeeZeeLinx"},"image":{"@id":"https:\/\/beezeelinx.com\/fr\/#\/schema\/logo\/image\/"},"sameAs":["https:\/\/www.linkedin.com\/company\/beezeelinx\/"]}]}},"_links":{"self":[{"href":"https:\/\/beezeelinx.com\/fr\/wp-json\/wp\/v2\/pages\/19"}],"collection":[{"href":"https:\/\/beezeelinx.com\/fr\/wp-json\/wp\/v2\/pages"}],"about":[{"href":"https:\/\/beezeelinx.com\/fr\/wp-json\/wp\/v2\/types\/page"}],"author":[{"embeddable":true,"href":"https:\/\/beezeelinx.com\/fr\/wp-json\/wp\/v2\/users\/5"}],"replies":[{"embeddable":true,"href":"https:\/\/beezeelinx.com\/fr\/wp-json\/wp\/v2\/comments?post=19"}],"version-history":[{"count":10,"href":"https:\/\/beezeelinx.com\/fr\/wp-json\/wp\/v2\/pages\/19\/revisions"}],"predecessor-version":[{"id":644,"href":"https:\/\/beezeelinx.com\/fr\/wp-json\/wp\/v2\/pages\/19\/revisions\/644"}],"wp:attachment":[{"href":"https:\/\/beezeelinx.com\/fr\/wp-json\/wp\/v2\/media?parent=19"}],"curies":[{"name":"wp","href":"https:\/\/api.w.org\/{rel}","templated":true}]}}